{"id":255,"date":"2021-05-07T13:45:21","date_gmt":"2021-05-07T13:45:21","guid":{"rendered":"https:\/\/silbectechnology.com\/index.php\/home\/"},"modified":"2023-11-15T07:54:47","modified_gmt":"2023-11-15T07:54:47","slug":"inicio","status":"publish","type":"page","link":"https:\/\/silbectechnology.com\/index.php\/es\/inicio\/","title":{"rendered":"Inicio"},"content":{"rendered":"\t\t<div data-elementor-type=\"wp-page\" data-elementor-id=\"255\" class=\"elementor elementor-255\">\n\t\t\t\t\t\t\t\t\t<section class=\"elementor-section elementor-top-section elementor-element elementor-element-e8e8895 elementor-section-boxed elementor-section-height-default elementor-section-height-default\" data-id=\"e8e8895\" data-element_type=\"section\" data-settings=\"{&quot;background_background&quot;:&quot;classic&quot;}\">\n\t\t\t\t\t\t\t<div class=\"elementor-background-overlay\"><\/div>\n\t\t\t\t\t\t\t<div class=\"elementor-container elementor-column-gap-no\">\n\t\t\t\t\t<div class=\"elementor-column elementor-col-100 elementor-top-column elementor-element elementor-element-4c147b6\" data-id=\"4c147b6\" data-element_type=\"column\">\n\t\t\t<div class=\"elementor-widget-wrap elementor-element-populated\">\n\t\t\t\t\t\t\t\t<div class=\"elementor-element elementor-element-cb4d2ed elementor-widget elementor-widget-heading\" data-id=\"cb4d2ed\" data-element_type=\"widget\" data-widget_type=\"heading.default\">\n\t\t\t\t<div class=\"elementor-widget-container\">\n\t\t\t<style>\/*! elementor - v3.17.0 - 08-11-2023 *\/\n.elementor-heading-title{padding:0;margin:0;line-height:1}.elementor-widget-heading .elementor-heading-title[class*=elementor-size-]>a{color:inherit;font-size:inherit;line-height:inherit}.elementor-widget-heading .elementor-heading-title.elementor-size-small{font-size:15px}.elementor-widget-heading .elementor-heading-title.elementor-size-medium{font-size:19px}.elementor-widget-heading .elementor-heading-title.elementor-size-large{font-size:29px}.elementor-widget-heading .elementor-heading-title.elementor-size-xl{font-size:39px}.elementor-widget-heading .elementor-heading-title.elementor-size-xxl{font-size:59px}<\/style><h1 class=\"elementor-heading-title elementor-size-default\">Llenado y Procesos UHT<\/h1>\t\t<\/div>\n\t\t\t\t<\/div>\n\t\t\t\t\t<\/div>\n\t\t<\/div>\n\t\t\t\t\t\t\t<\/div>\n\t\t<\/section>\n\t\t\t\t<section class=\"elementor-section elementor-top-section elementor-element elementor-element-25806d3 elementor-section-content-middle elementor-section-boxed elementor-section-height-default elementor-section-height-default\" data-id=\"25806d3\" data-element_type=\"section\">\n\t\t\t\t\t\t<div class=\"elementor-container elementor-column-gap-no\">\n\t\t\t\t\t<div class=\"elementor-column elementor-col-50 elementor-top-column elementor-element elementor-element-54a0987\" data-id=\"54a0987\" data-element_type=\"column\">\n\t\t\t<div class=\"elementor-widget-wrap elementor-element-populated\">\n\t\t\t\t\t\t\t\t<div class=\"elementor-element elementor-element-b33303f elementor-widget elementor-widget-image\" data-id=\"b33303f\" data-element_type=\"widget\" data-widget_type=\"image.default\">\n\t\t\t\t<div class=\"elementor-widget-container\">\n\t\t\t<style>\/*! elementor - v3.17.0 - 08-11-2023 *\/\n.elementor-widget-image{text-align:center}.elementor-widget-image a{display:inline-block}.elementor-widget-image a img[src$=\".svg\"]{width:48px}.elementor-widget-image img{vertical-align:middle;display:inline-block}<\/style>\t\t\t\t\t\t\t\t\t\t\t\t<img decoding=\"async\" width=\"1024\" height=\"1024\" src=\"https:\/\/silbectechnology.com\/wp-content\/uploads\/2023\/01\/silbec-autonomia-1024x1024.jpg\" class=\"attachment-large size-large wp-image-271\" alt=\"\" loading=\"lazy\" srcset=\"https:\/\/silbectechnology.com\/wp-content\/uploads\/2023\/01\/silbec-autonomia-1024x1024.jpg 1024w, https:\/\/silbectechnology.com\/wp-content\/uploads\/2023\/01\/silbec-autonomia-300x300.jpg 300w, https:\/\/silbectechnology.com\/wp-content\/uploads\/2023\/01\/silbec-autonomia-150x150.jpg 150w, https:\/\/silbectechnology.com\/wp-content\/uploads\/2023\/01\/silbec-autonomia-768x768.jpg 768w, https:\/\/silbectechnology.com\/wp-content\/uploads\/2023\/01\/silbec-autonomia-1536x1536.jpg 1536w, https:\/\/silbectechnology.com\/wp-content\/uploads\/2023\/01\/silbec-autonomia.jpg 1600w\" sizes=\"(max-width: 1024px) 100vw, 1024px\" \/>\t\t\t\t\t\t\t\t\t\t\t\t\t\t\t<\/div>\n\t\t\t\t<\/div>\n\t\t\t\t\t<\/div>\n\t\t<\/div>\n\t\t\t\t<div class=\"elementor-column elementor-col-50 elementor-top-column elementor-element elementor-element-651f688\" data-id=\"651f688\" data-element_type=\"column\">\n\t\t\t<div class=\"elementor-widget-wrap elementor-element-populated\">\n\t\t\t\t\t\t\t\t<div class=\"elementor-element elementor-element-5ea9fbb elementor-vertical-align-top elementor-widget elementor-widget-image-box\" data-id=\"5ea9fbb\" data-element_type=\"widget\" data-widget_type=\"image-box.default\">\n\t\t\t\t<div class=\"elementor-widget-container\">\n\t\t\t<style>\/*! elementor - v3.17.0 - 08-11-2023 *\/\n.elementor-widget-image-box .elementor-image-box-content{width:100%}@media (min-width:768px){.elementor-widget-image-box.elementor-position-left .elementor-image-box-wrapper,.elementor-widget-image-box.elementor-position-right .elementor-image-box-wrapper{display:flex}.elementor-widget-image-box.elementor-position-right .elementor-image-box-wrapper{text-align:right;flex-direction:row-reverse}.elementor-widget-image-box.elementor-position-left .elementor-image-box-wrapper{text-align:left;flex-direction:row}.elementor-widget-image-box.elementor-position-top .elementor-image-box-img{margin:auto}.elementor-widget-image-box.elementor-vertical-align-top .elementor-image-box-wrapper{align-items:flex-start}.elementor-widget-image-box.elementor-vertical-align-middle .elementor-image-box-wrapper{align-items:center}.elementor-widget-image-box.elementor-vertical-align-bottom .elementor-image-box-wrapper{align-items:flex-end}}@media (max-width:767px){.elementor-widget-image-box .elementor-image-box-img{margin-left:auto!important;margin-right:auto!important;margin-bottom:15px}}.elementor-widget-image-box .elementor-image-box-img{display:inline-block}.elementor-widget-image-box .elementor-image-box-title a{color:inherit}.elementor-widget-image-box .elementor-image-box-wrapper{text-align:center}.elementor-widget-image-box .elementor-image-box-description{margin:0}<\/style><div class=\"elementor-image-box-wrapper\"><div class=\"elementor-image-box-content\"><h3 class=\"elementor-image-box-title\">Contamos con planes de desarrollo T\u00e9cnico\/Operativos <\/h3><p class=\"elementor-image-box-description\">Brindando el know-how necesario para hacer frente a las actividades diarias.\n<\/p><\/div><\/div>\t\t<\/div>\n\t\t\t\t<\/div>\n\t\t\t\t\t<\/div>\n\t\t<\/div>\n\t\t\t\t\t\t\t<\/div>\n\t\t<\/section>\n\t\t\t\t<section class=\"elementor-section elementor-top-section elementor-element elementor-element-63ce109 elementor-section-boxed elementor-section-height-default elementor-section-height-default\" data-id=\"63ce109\" data-element_type=\"section\" data-settings=\"{&quot;background_background&quot;:&quot;classic&quot;}\">\n\t\t\t\t\t\t<div class=\"elementor-container elementor-column-gap-no\">\n\t\t\t\t\t<div class=\"elementor-column elementor-col-50 elementor-top-column elementor-element elementor-element-d378906\" data-id=\"d378906\" data-element_type=\"column\">\n\t\t\t<div class=\"elementor-widget-wrap elementor-element-populated\">\n\t\t\t\t\t\t\t\t<div class=\"elementor-element elementor-element-8a65923 elementor-position-top elementor-widget elementor-widget-image-box\" data-id=\"8a65923\" data-element_type=\"widget\" data-widget_type=\"image-box.default\">\n\t\t\t\t<div class=\"elementor-widget-container\">\n\t\t\t<div class=\"elementor-image-box-wrapper\"><figure class=\"elementor-image-box-img\"><img decoding=\"async\" width=\"2250\" height=\"2250\" src=\"https:\/\/silbectechnology.com\/wp-content\/uploads\/2023\/01\/silbec-team_Mesa-de-trabajo-1-copia.png\" class=\"attachment-full size-full wp-image-274\" alt=\"\" loading=\"lazy\" srcset=\"https:\/\/silbectechnology.com\/wp-content\/uploads\/2023\/01\/silbec-team_Mesa-de-trabajo-1-copia.png 2250w, https:\/\/silbectechnology.com\/wp-content\/uploads\/2023\/01\/silbec-team_Mesa-de-trabajo-1-copia-300x300.png 300w, https:\/\/silbectechnology.com\/wp-content\/uploads\/2023\/01\/silbec-team_Mesa-de-trabajo-1-copia-1024x1024.png 1024w, https:\/\/silbectechnology.com\/wp-content\/uploads\/2023\/01\/silbec-team_Mesa-de-trabajo-1-copia-150x150.png 150w, https:\/\/silbectechnology.com\/wp-content\/uploads\/2023\/01\/silbec-team_Mesa-de-trabajo-1-copia-768x768.png 768w, https:\/\/silbectechnology.com\/wp-content\/uploads\/2023\/01\/silbec-team_Mesa-de-trabajo-1-copia-1536x1536.png 1536w, https:\/\/silbectechnology.com\/wp-content\/uploads\/2023\/01\/silbec-team_Mesa-de-trabajo-1-copia-2048x2048.png 2048w\" sizes=\"(max-width: 2250px) 100vw, 2250px\" \/><\/figure><div class=\"elementor-image-box-content\"><h3 class=\"elementor-image-box-title\">\u00bf\u00c1reas de oportunidad en la operaci\u00f3n? <\/h3><p class=\"elementor-image-box-description\">No pierdas tiempo y dinero, somos t\u00fas aliados, permite que SILBEC desarrolle a tu TEAM.<\/p><\/div><\/div>\t\t<\/div>\n\t\t\t\t<\/div>\n\t\t\t\t\t<\/div>\n\t\t<\/div>\n\t\t\t\t<div class=\"elementor-column elementor-col-50 elementor-top-column elementor-element elementor-element-cbbaf1e\" data-id=\"cbbaf1e\" data-element_type=\"column\">\n\t\t\t<div class=\"elementor-widget-wrap elementor-element-populated\">\n\t\t\t\t\t\t\t\t<div class=\"elementor-element elementor-element-8e76125 elementor-position-top elementor-widget elementor-widget-image-box\" data-id=\"8e76125\" data-element_type=\"widget\" data-widget_type=\"image-box.default\">\n\t\t\t\t<div class=\"elementor-widget-container\">\n\t\t\t<div class=\"elementor-image-box-wrapper\"><figure class=\"elementor-image-box-img\"><img decoding=\"async\" width=\"2250\" height=\"2250\" src=\"https:\/\/silbectechnology.com\/wp-content\/uploads\/2023\/01\/silbec-service-agreements_Mesa-de-trabajo-1-copia-13.png\" class=\"attachment-full size-full wp-image-273\" alt=\"\" loading=\"lazy\" srcset=\"https:\/\/silbectechnology.com\/wp-content\/uploads\/2023\/01\/silbec-service-agreements_Mesa-de-trabajo-1-copia-13.png 2250w, https:\/\/silbectechnology.com\/wp-content\/uploads\/2023\/01\/silbec-service-agreements_Mesa-de-trabajo-1-copia-13-300x300.png 300w, https:\/\/silbectechnology.com\/wp-content\/uploads\/2023\/01\/silbec-service-agreements_Mesa-de-trabajo-1-copia-13-1024x1024.png 1024w, https:\/\/silbectechnology.com\/wp-content\/uploads\/2023\/01\/silbec-service-agreements_Mesa-de-trabajo-1-copia-13-150x150.png 150w, https:\/\/silbectechnology.com\/wp-content\/uploads\/2023\/01\/silbec-service-agreements_Mesa-de-trabajo-1-copia-13-768x768.png 768w, https:\/\/silbectechnology.com\/wp-content\/uploads\/2023\/01\/silbec-service-agreements_Mesa-de-trabajo-1-copia-13-1536x1536.png 1536w, https:\/\/silbectechnology.com\/wp-content\/uploads\/2023\/01\/silbec-service-agreements_Mesa-de-trabajo-1-copia-13-2048x2048.png 2048w\" sizes=\"(max-width: 2250px) 100vw, 2250px\" \/><\/figure><div class=\"elementor-image-box-content\"><p class=\"elementor-image-box-description\">Cuidamos tu OPEX, planes de servicio a la medida de tu operaci\u00f3n, gastos fijos durante la vida del acuerdo, soporte puntual y oportuno.<\/p><\/div><\/div>\t\t<\/div>\n\t\t\t\t<\/div>\n\t\t\t\t\t<\/div>\n\t\t<\/div>\n\t\t\t\t\t\t\t<\/div>\n\t\t<\/section>\n\t\t\t\t<section class=\"elementor-section elementor-top-section elementor-element elementor-element-2c17de0 elementor-section-boxed elementor-section-height-default elementor-section-height-default\" data-id=\"2c17de0\" data-element_type=\"section\" data-settings=\"{&quot;background_background&quot;:&quot;video&quot;,&quot;background_video_link&quot;:&quot;https:\\\/\\\/vimeo.com\\\/790986756&quot;}\">\n\t\t\t\t\t\t\t\t<div class=\"elementor-background-video-container elementor-hidden-phone\">\n\t\t\t\t\t\t\t\t\t\t\t\t\t<div class=\"elementor-background-video-embed\"><\/div>\n\t\t\t\t\t\t\t\t\t\t\t\t<\/div>\n\t\t\t\t\t\t\t\t\t<div class=\"elementor-background-overlay\"><\/div>\n\t\t\t\t\t\t\t<div class=\"elementor-container elementor-column-gap-default\">\n\t\t\t\t\t<div class=\"elementor-column elementor-col-100 elementor-top-column elementor-element elementor-element-987f959\" data-id=\"987f959\" data-element_type=\"column\">\n\t\t\t<div class=\"elementor-widget-wrap elementor-element-populated\">\n\t\t\t\t\t\t\t\t<div class=\"elementor-element elementor-element-6698d98 elementor-widget elementor-widget-heading\" data-id=\"6698d98\" data-element_type=\"widget\" data-widget_type=\"heading.default\">\n\t\t\t\t<div class=\"elementor-widget-container\">\n\t\t\t<h2 class=\"elementor-heading-title elementor-size-default\">GROWING TOGETHER<\/h2>\t\t<\/div>\n\t\t\t\t<\/div>\n\t\t\t\t\t<\/div>\n\t\t<\/div>\n\t\t\t\t\t\t\t<\/div>\n\t\t<\/section>\n\t\t\t\t<section class=\"elementor-section elementor-top-section elementor-element elementor-element-391009c elementor-section-boxed elementor-section-height-default elementor-section-height-default\" data-id=\"391009c\" data-element_type=\"section\">\n\t\t\t\t\t\t<div class=\"elementor-container elementor-column-gap-no\">\n\t\t\t\t\t<div class=\"elementor-column elementor-col-50 elementor-top-column elementor-element elementor-element-ba7d00e\" data-id=\"ba7d00e\" data-element_type=\"column\">\n\t\t\t<div class=\"elementor-widget-wrap elementor-element-populated\">\n\t\t\t\t\t\t\t\t<div class=\"elementor-element elementor-element-aade905 elementor-widget elementor-widget-heading\" data-id=\"aade905\" data-element_type=\"widget\" data-widget_type=\"heading.default\">\n\t\t\t\t<div class=\"elementor-widget-container\">\n\t\t\t<h2 class=\"elementor-heading-title elementor-size-medium\">GIRO DE LA EMPRESA: SILBEC cuenta con 3 divisiones, lo que ampl\u00eda el espectro de soluciones\ny oportunidad para nuestros clientes. <\/h2>\t\t<\/div>\n\t\t\t\t<\/div>\n\t\t\t\t<div class=\"elementor-element elementor-element-6460cee elementor-widget elementor-widget-testimonial\" data-id=\"6460cee\" data-element_type=\"widget\" data-widget_type=\"testimonial.default\">\n\t\t\t\t<div class=\"elementor-widget-container\">\n\t\t\t<style>\/*! elementor - v3.17.0 - 08-11-2023 *\/\n.elementor-testimonial-wrapper{overflow:hidden;text-align:center}.elementor-testimonial-wrapper .elementor-testimonial-content{font-size:1.3em;margin-bottom:20px}.elementor-testimonial-wrapper .elementor-testimonial-name{line-height:1.5;display:block}.elementor-testimonial-wrapper .elementor-testimonial-job{font-size:.85em;display:block}.elementor-testimonial-wrapper .elementor-testimonial-meta{width:100%;line-height:1}.elementor-testimonial-wrapper .elementor-testimonial-meta-inner{display:inline-block}.elementor-testimonial-wrapper .elementor-testimonial-meta .elementor-testimonial-details,.elementor-testimonial-wrapper .elementor-testimonial-meta .elementor-testimonial-image{display:table-cell;vertical-align:middle}.elementor-testimonial-wrapper .elementor-testimonial-meta .elementor-testimonial-image img{width:60px;height:60px;border-radius:50%;-o-object-fit:cover;object-fit:cover;max-width:none}.elementor-testimonial-wrapper .elementor-testimonial-meta.elementor-testimonial-image-position-aside .elementor-testimonial-image{padding-right:15px}.elementor-testimonial-wrapper .elementor-testimonial-meta.elementor-testimonial-image-position-aside .elementor-testimonial-details{text-align:left}.elementor-testimonial-wrapper .elementor-testimonial-meta.elementor-testimonial-image-position-top .elementor-testimonial-details,.elementor-testimonial-wrapper .elementor-testimonial-meta.elementor-testimonial-image-position-top .elementor-testimonial-image{display:block}.elementor-testimonial-wrapper .elementor-testimonial-meta.elementor-testimonial-image-position-top .elementor-testimonial-image{margin-bottom:20px}<\/style>\t\t<div class=\"elementor-testimonial-wrapper\">\n\t\t\t\t\t\t\t<div class=\"elementor-testimonial-content\">Divisi\u00f3n Ingenier\u00eda:<br>Integraci\u00f3n de Proyectos &amp; Automatizaci\u00f3n, soporte t\u00e9cnico\nespecializado en equipos de envasado y proceso (Tetra Pak)<\/div>\n\t\t\t\n\t\t\t\t\t\t<div class=\"elementor-testimonial-meta elementor-has-image elementor-testimonial-image-position-aside\">\n\t\t\t\t<div class=\"elementor-testimonial-meta-inner\">\n\t\t\t\t\t\t\t\t\t\t\t<div class=\"elementor-testimonial-image\">\n\t\t\t\t\t\t\t<img decoding=\"async\" width=\"1278\" height=\"1280\" src=\"https:\/\/silbectechnology.com\/wp-content\/uploads\/2023\/01\/worker-7004157_1280.png\" class=\"attachment-full size-full wp-image-297\" alt=\"\" loading=\"lazy\" srcset=\"https:\/\/silbectechnology.com\/wp-content\/uploads\/2023\/01\/worker-7004157_1280.png 1278w, https:\/\/silbectechnology.com\/wp-content\/uploads\/2023\/01\/worker-7004157_1280-300x300.png 300w, https:\/\/silbectechnology.com\/wp-content\/uploads\/2023\/01\/worker-7004157_1280-1022x1024.png 1022w, https:\/\/silbectechnology.com\/wp-content\/uploads\/2023\/01\/worker-7004157_1280-150x150.png 150w, https:\/\/silbectechnology.com\/wp-content\/uploads\/2023\/01\/worker-7004157_1280-768x769.png 768w\" sizes=\"(max-width: 1278px) 100vw, 1278px\" \/>\t\t\t\t\t\t<\/div>\n\t\t\t\t\t\n\t\t\t\t\t\t\t\t\t<\/div>\n\t\t\t<\/div>\n\t\t\t\t\t<\/div>\n\t\t\t\t<\/div>\n\t\t\t\t<\/div>\n\t\t\t\t\t<\/div>\n\t\t<\/div>\n\t\t\t\t<div class=\"elementor-column elementor-col-50 elementor-top-column elementor-element elementor-element-26ab11d\" data-id=\"26ab11d\" data-element_type=\"column\">\n\t\t\t<div class=\"elementor-widget-wrap elementor-element-populated\">\n\t\t\t\t\t\t\t\t<div class=\"elementor-element elementor-element-caefb71 elementor-widget elementor-widget-testimonial\" data-id=\"caefb71\" data-element_type=\"widget\" data-widget_type=\"testimonial.default\">\n\t\t\t\t<div class=\"elementor-widget-container\">\n\t\t\t\t\t<div class=\"elementor-testimonial-wrapper\">\n\t\t\t\t\t\t\t<div class=\"elementor-testimonial-content\">Divisi\u00f3n Comercio exterior:<br>\nContamos con una amplia gama de distribuidores y clientes\nque permite ofrecer la importaci\u00f3n y exportaci\u00f3n de sus productos y\/o equipos. <\/div>\n\t\t\t\n\t\t\t\t\t\t<div class=\"elementor-testimonial-meta elementor-has-image elementor-testimonial-image-position-aside\">\n\t\t\t\t<div class=\"elementor-testimonial-meta-inner\">\n\t\t\t\t\t\t\t\t\t\t\t<div class=\"elementor-testimonial-image\">\n\t\t\t\t\t\t\t<img decoding=\"async\" width=\"1280\" height=\"894\" src=\"https:\/\/silbectechnology.com\/wp-content\/uploads\/2023\/01\/parcel-575623_1280.png\" class=\"attachment-full size-full wp-image-299\" alt=\"\" loading=\"lazy\" srcset=\"https:\/\/silbectechnology.com\/wp-content\/uploads\/2023\/01\/parcel-575623_1280.png 1280w, https:\/\/silbectechnology.com\/wp-content\/uploads\/2023\/01\/parcel-575623_1280-300x210.png 300w, https:\/\/silbectechnology.com\/wp-content\/uploads\/2023\/01\/parcel-575623_1280-1024x715.png 1024w, https:\/\/silbectechnology.com\/wp-content\/uploads\/2023\/01\/parcel-575623_1280-768x536.png 768w\" sizes=\"(max-width: 1280px) 100vw, 1280px\" \/>\t\t\t\t\t\t<\/div>\n\t\t\t\t\t\n\t\t\t\t\t\t\t\t\t<\/div>\n\t\t\t<\/div>\n\t\t\t\t\t<\/div>\n\t\t\t\t<\/div>\n\t\t\t\t<\/div>\n\t\t\t\t<div class=\"elementor-element elementor-element-578f337 elementor-widget elementor-widget-testimonial\" data-id=\"578f337\" data-element_type=\"widget\" data-widget_type=\"testimonial.default\">\n\t\t\t\t<div class=\"elementor-widget-container\">\n\t\t\t\t\t<div class=\"elementor-testimonial-wrapper\">\n\t\t\t\t\t\t\t<div class=\"elementor-testimonial-content\">Divisi\u00f3n Log\u00edstica: <br>\nContamos con la infraestructura para el movimiento punto a punto de\ntu mercanc\u00eda, productos, equipos y\/o maquinaria<\/div>\n\t\t\t\n\t\t\t\t\t\t<div class=\"elementor-testimonial-meta elementor-has-image elementor-testimonial-image-position-aside\">\n\t\t\t\t<div class=\"elementor-testimonial-meta-inner\">\n\t\t\t\t\t\t\t\t\t\t\t<div class=\"elementor-testimonial-image\">\n\t\t\t\t\t\t\t<img decoding=\"async\" width=\"1280\" height=\"1238\" src=\"https:\/\/silbectechnology.com\/wp-content\/uploads\/2023\/01\/travel-1883060_1280.png\" class=\"attachment-full size-full wp-image-298\" alt=\"\" loading=\"lazy\" srcset=\"https:\/\/silbectechnology.com\/wp-content\/uploads\/2023\/01\/travel-1883060_1280.png 1280w, https:\/\/silbectechnology.com\/wp-content\/uploads\/2023\/01\/travel-1883060_1280-300x290.png 300w, https:\/\/silbectechnology.com\/wp-content\/uploads\/2023\/01\/travel-1883060_1280-1024x990.png 1024w, https:\/\/silbectechnology.com\/wp-content\/uploads\/2023\/01\/travel-1883060_1280-768x743.png 768w\" sizes=\"(max-width: 1280px) 100vw, 1280px\" \/>\t\t\t\t\t\t<\/div>\n\t\t\t\t\t\n\t\t\t\t\t\t\t\t\t<\/div>\n\t\t\t<\/div>\n\t\t\t\t\t<\/div>\n\t\t\t\t<\/div>\n\t\t\t\t<\/div>\n\t\t\t\t\t<\/div>\n\t\t<\/div>\n\t\t\t\t\t\t\t<\/div>\n\t\t<\/section>\n\t\t\t\t\t\t\t<\/div>\n\t\t","protected":false},"excerpt":{"rendered":"<p>Llenado y Procesos UHT Contamos con planes de desarrollo T\u00e9cnico\/Operativos Brindando el know-how necesario para hacer frente a las actividades diarias. \u00bf\u00c1reas de oportunidad en la operaci\u00f3n? No pierdas tiempo y dinero, somos t\u00fas aliados, permite que SILBEC desarrolle a tu TEAM. Cuidamos tu OPEX, planes de servicio a la medida de tu operaci\u00f3n, gastos fijos durante la vida del acuerdo, soporte puntual y oportuno. GROWING TOGETHER GIRO DE LA EMPRESA: SILBEC cuenta con 3 divisiones, lo que ampl\u00eda el espectro de soluciones y oportunidad para nuestros clientes. Divisi\u00f3n Ingenier\u00eda:Integraci\u00f3n de Proyectos &amp; Automatizaci\u00f3n, soporte t\u00e9cnico especializado en equipos de<\/p>\n","protected":false},"author":1,"featured_media":0,"parent":0,"menu_order":0,"comment_status":"closed","ping_status":"closed","template":"","meta":[],"_links":{"self":[{"href":"https:\/\/silbectechnology.com\/index.php\/wp-json\/wp\/v2\/pages\/255"}],"collection":[{"href":"https:\/\/silbectechnology.com\/index.php\/wp-json\/wp\/v2\/pages"}],"about":[{"href":"https:\/\/silbectechnology.com\/index.php\/wp-json\/wp\/v2\/types\/page"}],"author":[{"embeddable":true,"href":"https:\/\/silbectechnology.com\/index.php\/wp-json\/wp\/v2\/users\/1"}],"replies":[{"embeddable":true,"href":"https:\/\/silbectechnology.com\/index.php\/wp-json\/wp\/v2\/comments?post=255"}],"version-history":[{"count":40,"href":"https:\/\/silbectechnology.com\/index.php\/wp-json\/wp\/v2\/pages\/255\/revisions"}],"predecessor-version":[{"id":343,"href":"https:\/\/silbectechnology.com\/index.php\/wp-json\/wp\/v2\/pages\/255\/revisions\/343"}],"wp:attachment":[{"href":"https:\/\/silbectechnology.com\/index.php\/wp-json\/wp\/v2\/media?parent=255"}],"curies":[{"name":"wp","href":"https:\/\/api.w.org\/{rel}","templated":true}]}}